{"id":51,"date":"2024-08-14T16:22:08","date_gmt":"2024-08-14T14:22:08","guid":{"rendered":"https:\/\/ttc-testing.io\/contact\/"},"modified":"2024-08-19T17:08:07","modified_gmt":"2024-08-19T15:08:07","slug":"contact","status":"publish","type":"page","link":"https:\/\/ttc-testing.io\/en\/contact\/","title":{"rendered":"Contact"},"content":{"rendered":"\t\t<div data-elementor-type=\"wp-page\" data-elementor-id=\"51\" class=\"elementor elementor-51\" data-elementor-post-type=\"page\">\n\t\t\t\t<div class=\"elementor-element elementor-element-617083d4 e-flex e-con-boxed e-con e-parent\" data-id=\"617083d4\" data-element_type=\"container\" data-e-type=\"container\">\n\t\t\t\t\t<div class=\"e-con-inner\">\n\t\t\t\t<div class=\"elementor-element elementor-element-19149e9e elementor-invisible elementor-widget elementor-widget-text-editor\" data-id=\"19149e9e\" data-element_type=\"widget\" data-e-type=\"widget\" data-settings=\"{&quot;_animation&quot;:&quot;fadeIn&quot;}\" data-widget_type=\"text-editor.default\">\n\t\t\t\t\t\t\t\t\t\n<div class=\"wp-block-group alignfull\"><div class=\"wp-block-group__inner-container is-layout-constrained wp-block-group-is-layout-constrained\">\n<div class=\"wp-block-group alignfull is-content-justification-center\" style=\"margin-top: 0; margin-bottom: 0; padding: calc( 0.5 * var(--wp--style--root--padding-right, var(--wp--custom--gap--horizontal))) var(--wp--style--root--padding-right, var(--wp--custom--gap--horizontal)) calc( 0.5 * var(--wp--style--root--padding-right, var(--wp--custom--gap--horizontal))) var(--wp--style--root--padding-left, var(--wp--custom--gap--horizontal));\"><div class=\"wp-block-group__inner-container is-layout-constrained wp-container-core-group-is-layout-2dc3bf18 wp-block-group-is-layout-constrained\">\n<div class=\"wp-block-spacer\" style=\"height: var(--wp--preset--spacing--20);\" aria-hidden=\"true\">Vous cherchez \u00e0 nous contacter?<\/div>\n<div class=\"wp-block-columns alignwide\">\n<div class=\"wp-block-column\" style=\"flex-basis: 50%;\">\n<p>Vous\u00a0 Pouvez nous joindre de diff\u00e9rentes mani\u00e8res<\/p>\n<p>Telephoner\u00a0 au +33 621345124<\/p>\n<p><a title=\"TTC Testing France Mail\" href=\"Contact@TTC-testing.com\" target=\"_blank\" rel=\"noopener\">Mail a TTC Testing France<\/a><\/p>\n<p><a title=\"TTC Testing France\" href=\"https:\/\/maps.app.goo.gl\/JhkeEDH4RKxkvRG57\">TTC Testing France Neuilly sur seine<\/a><\/p>\n<\/div>\n<\/div>\n<\/div>\n<\/div><\/div>\n\t\t\t\t\t\t\t\t<\/div>\n\t\t\t\t<div class=\"elementor-element elementor-element-5875559 elementor-widget__width-auto elementor-widget elementor-widget-wpforms\" data-id=\"5875559\" data-element_type=\"widget\" data-e-type=\"widget\" data-widget_type=\"wpforms.default\">\n\t\t\t\t<div class=\"elementor-widget-container\">\n\t\t\t\t\t<div class=\"wpforms-container wpforms-container-full wpforms-render-modern\" id=\"wpforms-15913\"><form id=\"wpforms-form-15913\" class=\"wpforms-validate wpforms-form wpforms-ajax-form\" data-formid=\"15913\" method=\"post\" enctype=\"multipart\/form-data\" action=\"\/en\/wp-json\/wp\/v2\/pages\/51\" data-token=\"e6844cfd6d9024854e09ad1adf58a8f0\" data-token-time=\"1778779253\"><noscript class=\"wpforms-error-noscript\">Please enable JavaScript in your browser to complete this form.<\/noscript><div id=\"wpforms-error-noscript\" style=\"display: none;\">Please enable JavaScript in your browser to complete this form.<\/div><div class=\"wpforms-field-container\">\t\t<div id=\"wpforms-15913-field_4-container\"\n\t\t\tclass=\"wpforms-field wpforms-field-text\"\n\t\t\tdata-field-type=\"text\"\n\t\t\tdata-field-id=\"4\"\n\t\t\t>\n\t\t\t<label class=\"wpforms-field-label\" for=\"wpforms-15913-field_4\" >Commentaire E-mail Nom<\/label>\n\t\t\t<input type=\"text\" id=\"wpforms-15913-field_4\" class=\"wpforms-field-medium\" name=\"wpforms[fields][4]\" >\n\t\t<\/div>\n\t\t<div id=\"wpforms-15913-field_1-container\" class=\"wpforms-field wpforms-field-name\" data-field-id=\"1\"><fieldset><legend class=\"wpforms-field-label\">Nom <span class=\"wpforms-required-label\" aria-hidden=\"true\">*<\/span><\/legend><div class=\"wpforms-field-row wpforms-field-medium\"><div class=\"wpforms-field-row-block wpforms-first wpforms-one-half\"><input type=\"text\" id=\"wpforms-15913-field_1\" class=\"wpforms-field-name-first wpforms-field-required\" name=\"wpforms[fields][1][first]\" aria-errormessage=\"wpforms-15913-field_1-error\" required><label for=\"wpforms-15913-field_1\" class=\"wpforms-field-sublabel after\">First<\/label><\/div><div class=\"wpforms-field-row-block wpforms-one-half\"><input type=\"text\" id=\"wpforms-15913-field_1-last\" class=\"wpforms-field-name-last wpforms-field-required\" name=\"wpforms[fields][1][last]\" aria-errormessage=\"wpforms-15913-field_1-last-error\" required><label for=\"wpforms-15913-field_1-last\" class=\"wpforms-field-sublabel after\">Last<\/label><\/div><\/div><\/fieldset><\/div><div id=\"wpforms-15913-field_2-container\" class=\"wpforms-field wpforms-field-email\" data-field-id=\"2\"><label class=\"wpforms-field-label\" for=\"wpforms-15913-field_2\">E-mail <span class=\"wpforms-required-label\" aria-hidden=\"true\">*<\/span><\/label><input type=\"email\" id=\"wpforms-15913-field_2\" class=\"wpforms-field-medium wpforms-field-required\" name=\"wpforms[fields][2]\" spellcheck=\"false\" aria-errormessage=\"wpforms-15913-field_2-error\" required><\/div><div id=\"wpforms-15913-field_3-container\" class=\"wpforms-field wpforms-field-textarea\" data-field-id=\"3\"><label class=\"wpforms-field-label\" for=\"wpforms-15913-field_3\">Commentaire ou message<\/label><textarea id=\"wpforms-15913-field_3\" class=\"wpforms-field-medium\" name=\"wpforms[fields][3]\" aria-errormessage=\"wpforms-15913-field_3-error\" ><\/textarea><\/div><script>\n\t\t\t\t( function() {\n\t\t\t\t\tconst style = document.createElement( 'style' );\n\t\t\t\t\tstyle.appendChild( document.createTextNode( '#wpforms-15913-field_4-container { position: absolute !important; overflow: hidden !important; display: inline !important; height: 1px !important; width: 1px !important; z-index: -1000 !important; padding: 0 !important; } #wpforms-15913-field_4-container input { visibility: hidden; } #wpforms-conversational-form-page #wpforms-15913-field_4-container label { counter-increment: none; }' ) );\n\t\t\t\t\tdocument.head.appendChild( style );\n\t\t\t\t\tdocument.currentScript?.remove();\n\t\t\t\t} )();\n\t\t\t<\/script><\/div><!-- .wpforms-field-container --><div class=\"wpforms-submit-container\" ><input type=\"hidden\" name=\"wpforms[id]\" value=\"15913\"><input type=\"hidden\" name=\"page_title\" value=\"\"><input type=\"hidden\" name=\"page_url\" value=\"https:\/\/ttc-testing.io\/en\/wp-json\/wp\/v2\/pages\/51\"><input type=\"hidden\" name=\"url_referer\" value=\"\"><button type=\"submit\" name=\"wpforms[submit]\" id=\"wpforms-submit-15913\" class=\"wpforms-submit\" data-alt-text=\"Envoi...\" data-submit-text=\"Envoyer\" aria-live=\"assertive\" value=\"wpforms-submit\">Envoyer<\/button><img decoding=\"async\" src=\"https:\/\/ttc-testing.io\/wp-content\/plugins\/wpforms-lite\/assets\/images\/submit-spin.svg\" class=\"wpforms-submit-spinner\" style=\"display: none;\" width=\"26\" height=\"26\" alt=\"Loading\"><\/div><\/form><\/div>  <!-- .wpforms-container -->\t\t\t\t<\/div>\n\t\t\t\t<\/div>\n\t\t\t\t\t<\/div>\n\t\t\t\t<\/div><\/div>\n\t\t\t\t<\/div>\n\t\t","protected":false},"excerpt":{"rendered":"","protected":false},"author":254301877,"featured_media":0,"parent":0,"menu_order":0,"comment_status":"closed","ping_status":"closed","template":"","meta":{"_crdt_document":"","_monsterinsights_skip_tracking":false,"_monsterinsights_sitenote_active":false,"_monsterinsights_sitenote_note":"","_monsterinsights_sitenote_category":0,"_uf_show_specific_survey":0,"_uf_disable_surveys":false,"footnotes":""},"class_list":["post-51","page","type-page","status-publish","hentry"],"yoast_head":"<!-- This site is optimized with the Yoast SEO plugin v27.6 - https:\/\/yoast.com\/product\/yoast-seo-wordpress\/ -->\n<title>Contact - TTC<\/title>\n<meta name=\"robots\" content=\"index, follow, max-snippet:-1, max-image-preview:large, max-video-preview:-1\" \/>\n<link rel=\"canonical\" href=\"https:\/\/ttc-testing.io\/en\/contact\/\" \/>\n<meta property=\"og:locale\" content=\"en_US\" \/>\n<meta property=\"og:type\" content=\"article\" \/>\n<meta property=\"og:title\" content=\"Contact - TTC\" \/>\n<meta property=\"og:url\" content=\"https:\/\/ttc-testing.io\/en\/contact\/\" \/>\n<meta property=\"og:site_name\" content=\"TTC\" \/>\n<meta property=\"article:modified_time\" content=\"2024-08-19T15:08:07+00:00\" \/>\n<meta property=\"og:image\" content=\"https:\/\/ttc-testing.io\/wp-content\/plugins\/wpforms-lite\/assets\/images\/submit-spin.svg\" \/>\n<meta name=\"twitter:card\" content=\"summary_large_image\" \/>\n<script type=\"application\/ld+json\" class=\"yoast-schema-graph\">{\"@context\":\"https:\\\/\\\/schema.org\",\"@graph\":[{\"@type\":\"WebPage\",\"@id\":\"https:\\\/\\\/ttc-testing.io\\\/contact\\\/\",\"url\":\"https:\\\/\\\/ttc-testing.io\\\/contact\\\/\",\"name\":\"Contact - TTC\",\"isPartOf\":{\"@id\":\"https:\\\/\\\/ttc-testing.io\\\/#website\"},\"primaryImageOfPage\":{\"@id\":\"https:\\\/\\\/ttc-testing.io\\\/contact\\\/#primaryimage\"},\"image\":{\"@id\":\"https:\\\/\\\/ttc-testing.io\\\/contact\\\/#primaryimage\"},\"thumbnailUrl\":\"https:\\\/\\\/ttc-testing.io\\\/wp-content\\\/plugins\\\/wpforms-lite\\\/assets\\\/images\\\/submit-spin.svg\",\"datePublished\":\"2024-08-14T14:22:08+00:00\",\"dateModified\":\"2024-08-19T15:08:07+00:00\",\"breadcrumb\":{\"@id\":\"https:\\\/\\\/ttc-testing.io\\\/contact\\\/#breadcrumb\"},\"inLanguage\":\"en-US\",\"potentialAction\":[{\"@type\":\"ReadAction\",\"target\":[\"https:\\\/\\\/ttc-testing.io\\\/contact\\\/\"]}]},{\"@type\":\"ImageObject\",\"inLanguage\":\"en-US\",\"@id\":\"https:\\\/\\\/ttc-testing.io\\\/contact\\\/#primaryimage\",\"url\":\"https:\\\/\\\/ttc-testing.io\\\/wp-content\\\/plugins\\\/wpforms-lite\\\/assets\\\/images\\\/submit-spin.svg\",\"contentUrl\":\"https:\\\/\\\/ttc-testing.io\\\/wp-content\\\/plugins\\\/wpforms-lite\\\/assets\\\/images\\\/submit-spin.svg\"},{\"@type\":\"BreadcrumbList\",\"@id\":\"https:\\\/\\\/ttc-testing.io\\\/contact\\\/#breadcrumb\",\"itemListElement\":[{\"@type\":\"ListItem\",\"position\":1,\"name\":\"Accueil\",\"item\":\"https:\\\/\\\/ttc-testing.io\\\/\"},{\"@type\":\"ListItem\",\"position\":2,\"name\":\"Contact\"}]},{\"@type\":\"WebSite\",\"@id\":\"https:\\\/\\\/ttc-testing.io\\\/#website\",\"url\":\"https:\\\/\\\/ttc-testing.io\\\/\",\"name\":\"TTC\",\"description\":\"Soci\u00e9t\u00e9 de test logiciel \u2013 Testeur, Automaticien &amp; Expert Performance QA\",\"publisher\":{\"@id\":\"https:\\\/\\\/ttc-testing.io\\\/#organization\"},\"potentialAction\":[{\"@type\":\"SearchAction\",\"target\":{\"@type\":\"EntryPoint\",\"urlTemplate\":\"https:\\\/\\\/ttc-testing.io\\\/?s={search_term_string}\"},\"query-input\":{\"@type\":\"PropertyValueSpecification\",\"valueRequired\":true,\"valueName\":\"search_term_string\"}}],\"inLanguage\":\"en-US\"},{\"@type\":\"Organization\",\"@id\":\"https:\\\/\\\/ttc-testing.io\\\/#organization\",\"name\":\"TTC \u2013 Testing Training Consulting\",\"alternateName\":\"TTC Testing\",\"url\":\"https:\\\/\\\/ttc-testing.io\\\/\",\"logo\":{\"@type\":\"ImageObject\",\"inLanguage\":\"en-US\",\"@id\":\"https:\\\/\\\/ttc-testing.io\\\/#\\\/schema\\\/logo\\\/image\\\/\",\"url\":\"https:\\\/\\\/i0.wp.com\\\/ttc-testing.io\\\/wp-content\\\/uploads\\\/2024\\\/08\\\/Logo-TTC-1.png?fit=709%2C348&ssl=1\",\"contentUrl\":\"https:\\\/\\\/i0.wp.com\\\/ttc-testing.io\\\/wp-content\\\/uploads\\\/2024\\\/08\\\/Logo-TTC-1.png?fit=709%2C348&ssl=1\",\"width\":709,\"height\":348,\"caption\":\"TTC \u2013 Testing Training Consulting\"},\"image\":{\"@id\":\"https:\\\/\\\/ttc-testing.io\\\/#\\\/schema\\\/logo\\\/image\\\/\"}}]}<\/script>\n<!-- \/ Yoast SEO plugin. -->","yoast_head_json":{"title":"Contact - TTC","robots":{"index":"index","follow":"follow","max-snippet":"max-snippet:-1","max-image-preview":"max-image-preview:large","max-video-preview":"max-video-preview:-1"},"canonical":"https:\/\/ttc-testing.io\/en\/contact\/","og_locale":"en_US","og_type":"article","og_title":"Contact - TTC","og_url":"https:\/\/ttc-testing.io\/en\/contact\/","og_site_name":"TTC","article_modified_time":"2024-08-19T15:08:07+00:00","og_image":[{"url":"https:\/\/ttc-testing.io\/wp-content\/plugins\/wpforms-lite\/assets\/images\/submit-spin.svg","type":"","width":"","height":""}],"twitter_card":"summary_large_image","schema":{"@context":"https:\/\/schema.org","@graph":[{"@type":"WebPage","@id":"https:\/\/ttc-testing.io\/contact\/","url":"https:\/\/ttc-testing.io\/contact\/","name":"Contact - TTC","isPartOf":{"@id":"https:\/\/ttc-testing.io\/#website"},"primaryImageOfPage":{"@id":"https:\/\/ttc-testing.io\/contact\/#primaryimage"},"image":{"@id":"https:\/\/ttc-testing.io\/contact\/#primaryimage"},"thumbnailUrl":"https:\/\/ttc-testing.io\/wp-content\/plugins\/wpforms-lite\/assets\/images\/submit-spin.svg","datePublished":"2024-08-14T14:22:08+00:00","dateModified":"2024-08-19T15:08:07+00:00","breadcrumb":{"@id":"https:\/\/ttc-testing.io\/contact\/#breadcrumb"},"inLanguage":"en-US","potentialAction":[{"@type":"ReadAction","target":["https:\/\/ttc-testing.io\/contact\/"]}]},{"@type":"ImageObject","inLanguage":"en-US","@id":"https:\/\/ttc-testing.io\/contact\/#primaryimage","url":"https:\/\/ttc-testing.io\/wp-content\/plugins\/wpforms-lite\/assets\/images\/submit-spin.svg","contentUrl":"https:\/\/ttc-testing.io\/wp-content\/plugins\/wpforms-lite\/assets\/images\/submit-spin.svg"},{"@type":"BreadcrumbList","@id":"https:\/\/ttc-testing.io\/contact\/#breadcrumb","itemListElement":[{"@type":"ListItem","position":1,"name":"Accueil","item":"https:\/\/ttc-testing.io\/"},{"@type":"ListItem","position":2,"name":"Contact"}]},{"@type":"WebSite","@id":"https:\/\/ttc-testing.io\/#website","url":"https:\/\/ttc-testing.io\/","name":"INCL. VAT","description":"Software Testing Company \u2013 Tester, Automation Engineer &amp; Performance QA Expert","publisher":{"@id":"https:\/\/ttc-testing.io\/#organization"},"potentialAction":[{"@type":"SearchAction","target":{"@type":"EntryPoint","urlTemplate":"https:\/\/ttc-testing.io\/?s={search_term_string}"},"query-input":{"@type":"PropertyValueSpecification","valueRequired":true,"valueName":"search_term_string"}}],"inLanguage":"en-US"},{"@type":"Organization","@id":"https:\/\/ttc-testing.io\/#organization","name":"TTC \u2013 Testing Training Consulting","alternateName":"TTC Testing","url":"https:\/\/ttc-testing.io\/","logo":{"@type":"ImageObject","inLanguage":"en-US","@id":"https:\/\/ttc-testing.io\/#\/schema\/logo\/image\/","url":"https:\/\/i0.wp.com\/ttc-testing.io\/wp-content\/uploads\/2024\/08\/Logo-TTC-1.png?fit=709%2C348&ssl=1","contentUrl":"https:\/\/i0.wp.com\/ttc-testing.io\/wp-content\/uploads\/2024\/08\/Logo-TTC-1.png?fit=709%2C348&ssl=1","width":709,"height":348,"caption":"TTC \u2013 Testing Training Consulting"},"image":{"@id":"https:\/\/ttc-testing.io\/#\/schema\/logo\/image\/"}}]}},"jetpack_likes_enabled":true,"jetpack_sharing_enabled":true,"jetpack_shortlink":"https:\/\/wp.me\/PfY5O8-P","jetpack-related-posts":[{"id":415,"url":"https:\/\/ttc-testing.io\/en\/contact-2\/","url_meta":{"origin":51,"position":0},"title":"Contact","author":"laurent Abid","date":"10 June 2020","format":false,"excerpt":"Send Request \u0394 Pour que nous repondions a vos questions Restez en contact nous sommes la reference en terme d'industrialisation des tests +33 1 73 04 91 97 Contact@ttc-testing.com 195 Avenue Charles de Gaulle 92200 Neuilly sur Seine","rel":"","context":"Similar post","block_context":{"text":"Similar post","link":""},"img":{"alt_text":"","src":"","width":0,"height":0},"classes":[]},{"id":1717,"url":"https:\/\/ttc-testing.io\/en\/home\/","url_meta":{"origin":51,"position":1},"title":"Home","author":"laurent Abid","date":"31 August 2020","format":false,"excerpt":"Experts en QA depuis plus de 30 ans Nous vivons la QA au quotidien, \u00e0 vos c\u00f4t\u00e9s pour vous assister dans vos d\u00e9ploiements les plus complexes Quick Service Learn More Notre ADN: Innovation Am\u00e9lioration continue et Productivit\u00e9 Quick Service Learn More Votre reussite est notre succ\u00e8s Contact Us Les d\u00e9fis\u2026","rel":"","context":"Similar post","block_context":{"text":"Similar post","link":""},"img":{"alt_text":"","src":"https:\/\/i0.wp.com\/ttc-testing.io\/wp-content\/uploads\/2022\/03\/circle.png?resize=350%2C200&ssl=1","width":350,"height":200,"srcset":"https:\/\/i0.wp.com\/ttc-testing.io\/wp-content\/uploads\/2022\/03\/circle.png?resize=350%2C200&ssl=1 1x, https:\/\/i0.wp.com\/ttc-testing.io\/wp-content\/uploads\/2022\/03\/circle.png?resize=525%2C300&ssl=1 1.5x, https:\/\/i0.wp.com\/ttc-testing.io\/wp-content\/uploads\/2022\/03\/circle.png?resize=700%2C400&ssl=1 2x"},"classes":[]},{"id":15845,"url":"https:\/\/ttc-testing.io\/en\/","url_meta":{"origin":51,"position":2},"title":"Landing Page","author":"laurent Abid","date":"31 March 2022","format":false,"excerpt":"Experts outils de tests depuis plus de 30 ans Ce m\u00e9tier ne s\u2019improvise pas : nous le pratiquons et le faisons \u00e9voluer depuis trois d\u00e9cennies. L'innovation comme mot d'ordre Parce que la qualit\u00e9 logicielle est notre passion, nous innovons sans cesse pour garder une longueur d\u2019avance sur vos enjeux\u2026 et\u2026","rel":"","context":"Similar post","block_context":{"text":"Similar post","link":""},"img":{"alt_text":"","src":"https:\/\/i0.wp.com\/ttc-testing.io\/wp-content\/uploads\/2022\/03\/circle.png?resize=350%2C200&ssl=1","width":350,"height":200,"srcset":"https:\/\/i0.wp.com\/ttc-testing.io\/wp-content\/uploads\/2022\/03\/circle.png?resize=350%2C200&ssl=1 1x, https:\/\/i0.wp.com\/ttc-testing.io\/wp-content\/uploads\/2022\/03\/circle.png?resize=525%2C300&ssl=1 1.5x, https:\/\/i0.wp.com\/ttc-testing.io\/wp-content\/uploads\/2022\/03\/circle.png?resize=700%2C400&ssl=1 2x"},"classes":[]},{"id":463,"url":"https:\/\/ttc-testing.io\/en\/faq\/","url_meta":{"origin":51,"position":3},"title":"Faq","author":"laurent Abid","date":"10 June 2020","format":false,"excerpt":"OUR FAQ Frequently Asked Questions? 1. Do You Need A Business Service? Lorem ipsum dolor sit amet, consectetur adipisicing elit, sed do the eiusmod tempor incididunt ut labore et dolore magna aliqu ad minim veniam, quis nostrud exercitation. 2. Business Service A Scam? Lorem ipsum dolor sit amet, consectetur adipisicing\u2026","rel":"","context":"Similar post","block_context":{"text":"Similar post","link":""},"img":{"alt_text":"","src":"https:\/\/i0.wp.com\/ttc-testing.io\/wp-content\/uploads\/2022\/03\/about4.png?resize=350%2C200&ssl=1","width":350,"height":200,"srcset":"https:\/\/i0.wp.com\/ttc-testing.io\/wp-content\/uploads\/2022\/03\/about4.png?resize=350%2C200&ssl=1 1x, https:\/\/i0.wp.com\/ttc-testing.io\/wp-content\/uploads\/2022\/03\/about4.png?resize=525%2C300&ssl=1 1.5x"},"classes":[]},{"id":512,"url":"https:\/\/ttc-testing.io\/en\/our-clients\/","url_meta":{"origin":51,"position":4},"title":"Our customers","author":"laurent Abid","date":"11 June 2020","format":false,"excerpt":"Notre charte de service Ce que nos clients disent \u00ab\u00a0Notre ambition: couvrir tous les aspects li\u00e9s \u00e0\u00a0l\u2019am\u00e9lioration des logiciels et des processus de d\u00e9veloppement et de qualification, depuis la d\u00e9finition Laurent Abid Managing Director This is ipsum dolor sit amet, sectetu is icing elit, sed do eiusmod tempor unt ut\u2026","rel":"","context":"Similar post","block_context":{"text":"Similar post","link":""},"img":{"alt_text":"","src":"https:\/\/i0.wp.com\/ttc-testing.io\/wp-content\/uploads\/2021\/01\/laurent.png?resize=350%2C200&ssl=1","width":350,"height":200,"srcset":"https:\/\/i0.wp.com\/ttc-testing.io\/wp-content\/uploads\/2021\/01\/laurent.png?resize=350%2C200&ssl=1 1x, https:\/\/i0.wp.com\/ttc-testing.io\/wp-content\/uploads\/2021\/01\/laurent.png?resize=525%2C300&ssl=1 1.5x, https:\/\/i0.wp.com\/ttc-testing.io\/wp-content\/uploads\/2021\/01\/laurent.png?resize=700%2C400&ssl=1 2x, https:\/\/i0.wp.com\/ttc-testing.io\/wp-content\/uploads\/2021\/01\/laurent.png?resize=1050%2C600&ssl=1 3x, https:\/\/i0.wp.com\/ttc-testing.io\/wp-content\/uploads\/2021\/01\/laurent.png?resize=1400%2C800&ssl=1 4x"},"classes":[]},{"id":15057,"url":"https:\/\/ttc-testing.io\/en\/service-2\/","url_meta":{"origin":51,"position":5},"title":"Service-2","author":"laurent Abid","date":"11 February 2022","format":false,"excerpt":"Maintenance Service Orci varius natoque penatibus etagnis dis parturient montes, nascetur iculus tellus mi placerat sapien. Best IT security for All Orci varius natoque penatibus etagnis dis parturient montes, nascetur iculus tellus mi placerat sapien. All Kind Of IT Services Orci varius natoque penatibus etagnis dis parturient montes, nascetur iculus...","rel":"","context":"Similar post","block_context":{"text":"Similar post","link":""},"img":{"alt_text":"","src":"https:\/\/i0.wp.com\/ttc-testing.io\/wp-content\/uploads\/2022\/03\/fe3.jpg?resize=350%2C200&ssl=1","width":350,"height":200},"classes":[]}],"_links":{"self":[{"href":"https:\/\/ttc-testing.io\/en\/wp-json\/wp\/v2\/pages\/51","targetHints":{"allow":["GET"]}}],"collection":[{"href":"https:\/\/ttc-testing.io\/en\/wp-json\/wp\/v2\/pages"}],"about":[{"href":"https:\/\/ttc-testing.io\/en\/wp-json\/wp\/v2\/types\/page"}],"author":[{"embeddable":true,"href":"https:\/\/ttc-testing.io\/en\/wp-json\/wp\/v2\/users\/254301877"}],"replies":[{"embeddable":true,"href":"https:\/\/ttc-testing.io\/en\/wp-json\/wp\/v2\/comments?post=51"}],"version-history":[{"count":9,"href":"https:\/\/ttc-testing.io\/en\/wp-json\/wp\/v2\/pages\/51\/revisions"}],"predecessor-version":[{"id":15968,"href":"https:\/\/ttc-testing.io\/en\/wp-json\/wp\/v2\/pages\/51\/revisions\/15968"}],"wp:attachment":[{"href":"https:\/\/ttc-testing.io\/en\/wp-json\/wp\/v2\/media?parent=51"}],"curies":[{"name":"wp","href":"https:\/\/api.w.org\/{rel}","templated":true}]}}